{"id":2,"date":"2017-12-14T09:13:02","date_gmt":"2017-12-14T09:13:02","guid":{"rendered":"https:\/\/www.cilera.ch\/wp\/?page_id=2"},"modified":"2023-02-12T10:44:11","modified_gmt":"2023-02-12T09:44:11","slug":"la-cilera","status":"publish","type":"page","link":"https:\/\/www.cilera.ch\/","title":{"rendered":"LA CILERA"},"content":{"rendered":"<div class=\"page\" title=\"Page 1\">\n<div class=\"layoutArea\">\n<div class=\"column\">\n<p style=\"text-align: center;\"><span style=\"color: #000000;\">Olio Extra Vergine di Oliva, Natives Oliven\u00f6l extra<\/span><\/p>\n<p><span style=\"color: #000000;\">La Cilera ist ein Oliven\u00f6l der ersten G\u00fcteklasse, direkt aus Oliven, ausschliesslich mit mechanischen Verfahren gewonnen und somit Extra Vergine. Das \u00d6l wird aus unserem eigenen Olivenhain gewonnen.. Der Hain ist direkt an die Podere La Cilera in Civitella Marittima, GR angebunden und weist beste Voraussetzungen f\u00fcr ein qualitativ sehr hoch stehendes Oliven\u00f6l aus. Hain und Hof liegen in der Maremma in der S\u00fcdtoskana zwischen Siena und Grosseto.<\/span><\/p>\n<p><span style=\"color: #000000;\">Mit der \u00dcbernahme der Podere Cilera, die im Jahre 1650 erbaut wurde, wurde auch das Olivenprojekt &#8218;La Cilera&#8216; ins Leben gerufen.<\/span><\/p>\n<p><span style=\"color: #000000;\">Zusammen mit unserem passionierten Meister, dem Olivicoltore Umberto Brunelli, haben wir den zum Haus geh\u00f6renden Olivenhain zu neuem Leben erweckt. Der Hain hat einen Bestand, dessen Geschichte und B\u00e4ume 350 Jahre alt sind.<\/span><\/p>\n<p><span style=\"color: #000000;\">Die Arbeit mit den Olivenb\u00e4umen, dem \u00d6l und den Olivenbauern bereitet uns grosse Freude. Wir nehmen im Austausch mit den Olivenbauern an der Olivenkultur teil und sind somit der Natur, der Kultur und den Menschen in der Maremma sehr nahe. Die wunderbare Landschaft und die Bev\u00f6lkerung haben uns mit dem Olivenvirus infiziert.<\/span><\/p>\n<p><span style=\"color: #000000;\">Wir kultivieren 100% nat\u00fcrlich, mit einheimischen Olivensorten aus der Maremma. Die B\u00e4ume werden in Handarbeit bewirtschaftet, die Oliven manuell geerntet und in der lokalen \u00d6lm\u00fchle, der Kooperative in Civitella Marittima, in erster Kaltpressung gepresst und zwei mal gefiltert.<\/span><\/p>\n<p><span style=\"color: #000000;\">Zusammen mit Umberto Brunelli und Freunden, die uns bei der Ernte begleiten, produzieren wir feinstes und 100% nat\u00fcrliches Oliven\u00f6l.<\/span><\/p>\n<p><img loading=\"lazy\" decoding=\"async\" class=\"aligncenter size-full wp-image-118\" src=\"https:\/\/www.cilera.ch\/wp-content\/uploads\/2017\/12\/IMG_0083.jpg\" alt=\"\" width=\"2048\" height=\"1536\" srcset=\"https:\/\/www.cilera.ch\/wp-content\/uploads\/2017\/12\/IMG_0083.jpg 2048w, https:\/\/www.cilera.ch\/wp-content\/uploads\/2017\/12\/IMG_0083-300x225.jpg 300w, https:\/\/www.cilera.ch\/wp-content\/uploads\/2017\/12\/IMG_0083-768x576.jpg 768w, https:\/\/www.cilera.ch\/wp-content\/uploads\/2017\/12\/IMG_0083-1024x768.jpg 1024w\" sizes=\"auto, (max-width: 2048px) 100vw, 2048px\" \/><\/p>\n<\/div>\n<\/div>\n<\/div>\n\n\n<p><\/p>\n","protected":false},"excerpt":{"rendered":"<p>Olio Extra Vergine di Oliva, Natives Oliven\u00f6l extra La Cilera ist ein Oliven\u00f6l der ersten G\u00fcteklasse, direkt aus Oliven, ausschliesslich mit mechanischen Verfahren gewonnen und&#8230;<\/p>\n<div class=\"more-link-wrapper\"><a class=\"more-link\" href=\"https:\/\/www.cilera.ch\/\">Weiterlesen<span class=\"screen-reader-text\">LA CILERA<\/span><\/a><\/div>\n","protected":false},"author":1,"featured_media":0,"parent":0,"menu_order":1,"comment_status":"closed","ping_status":"closed","template":"templates\/full-width.php","meta":{"footnotes":""},"class_list":["post-2","page","type-page","status-publish","hentry","entry"],"_links":{"self":[{"href":"https:\/\/www.cilera.ch\/index.php?rest_route=\/wp\/v2\/pages\/2","targetHints":{"allow":["GET"]}}],"collection":[{"href":"https:\/\/www.cilera.ch\/index.php?rest_route=\/wp\/v2\/pages"}],"about":[{"href":"https:\/\/www.cilera.ch\/index.php?rest_route=\/wp\/v2\/types\/page"}],"author":[{"embeddable":true,"href":"https:\/\/www.cilera.ch\/index.php?rest_route=\/wp\/v2\/users\/1"}],"replies":[{"embeddable":true,"href":"https:\/\/www.cilera.ch\/index.php?rest_route=%2Fwp%2Fv2%2Fcomments&post=2"}],"version-history":[{"count":29,"href":"https:\/\/www.cilera.ch\/index.php?rest_route=\/wp\/v2\/pages\/2\/revisions"}],"predecessor-version":[{"id":486,"href":"https:\/\/www.cilera.ch\/index.php?rest_route=\/wp\/v2\/pages\/2\/revisions\/486"}],"wp:attachment":[{"href":"https:\/\/www.cilera.ch\/index.php?rest_route=%2Fwp%2Fv2%2Fmedia&parent=2"}],"curies":[{"name":"wp","href":"https:\/\/api.w.org\/{rel}","templated":true}]}}